{"id":1050,"date":"2025-06-17T09:06:55","date_gmt":"2025-06-17T07:06:55","guid":{"rendered":"https:\/\/assistancetravauxprives.fr\/?page_id=1050"},"modified":"2025-06-17T09:09:47","modified_gmt":"2025-06-17T07:09:47","slug":"contact-info","status":"publish","type":"page","link":"https:\/\/assistancetravauxprives.fr\/index.php\/contact-info\/","title":{"rendered":"contact info"},"content":{"rendered":"<div class=\"wpforms-container wpforms-container-full wpforms-block wpforms-block-9eeb6cfe-49ec-4b10-a401-57fa560c11bc wpforms-render-modern\" id=\"wpforms-1046\"><form id=\"wpforms-form-1046\" class=\"wpforms-validate wpforms-form wpforms-ajax-form\" data-formid=\"1046\" method=\"post\" enctype=\"multipart\/form-data\" action=\"\/index.php\/wp-json\/wp\/v2\/pages\/1050\" data-token=\"ce8832e10e31fdd16251f1dd80b51f77\" data-token-time=\"1775772878\"><noscript class=\"wpforms-error-noscript\">Veuillez activer JavaScript dans votre navigateur pour remplir ce formulaire.<\/noscript><div id=\"wpforms-error-noscript\" style=\"display: none;\">Veuillez activer JavaScript dans votre navigateur pour remplir ce formulaire.<\/div><div class=\"wpforms-field-container\"><div id=\"wpforms-1046-field_1-container\" class=\"wpforms-field wpforms-field-name\" data-field-id=\"1\"><fieldset><legend class=\"wpforms-field-label\">Nom <span class=\"wpforms-required-label\" aria-hidden=\"true\">*<\/span><\/legend><div class=\"wpforms-field-row wpforms-field-medium\"><div class=\"wpforms-field-row-block wpforms-first wpforms-one-half\"><input type=\"text\" id=\"wpforms-1046-field_1\" class=\"wpforms-field-name-first wpforms-field-required\" name=\"wpforms[fields][1][first]\" aria-errormessage=\"wpforms-1046-field_1-error\" required><label for=\"wpforms-1046-field_1\" class=\"wpforms-field-sublabel after\">Pr\u00e9nom<\/label><\/div><div class=\"wpforms-field-row-block wpforms-one-half\"><input type=\"text\" id=\"wpforms-1046-field_1-last\" class=\"wpforms-field-name-last wpforms-field-required\" name=\"wpforms[fields][1][last]\" aria-errormessage=\"wpforms-1046-field_1-last-error\" required><label for=\"wpforms-1046-field_1-last\" class=\"wpforms-field-sublabel after\">Nom<\/label><\/div><\/div><\/fieldset><\/div><div id=\"wpforms-1046-field_2-container\" class=\"wpforms-field wpforms-field-email\" data-field-id=\"2\"><label class=\"wpforms-field-label\" for=\"wpforms-1046-field_2\">E-mail <span class=\"wpforms-required-label\" aria-hidden=\"true\">*<\/span><\/label><input type=\"email\" id=\"wpforms-1046-field_2\" class=\"wpforms-field-medium wpforms-field-required\" name=\"wpforms[fields][2]\" spellcheck=\"false\" aria-errormessage=\"wpforms-1046-field_2-error\" required><\/div>\t\t<div id=\"wpforms-1046-field_4-container\"\n\t\t\tclass=\"wpforms-field wpforms-field-text\"\n\t\t\tdata-field-type=\"text\"\n\t\t\tdata-field-id=\"4\"\n\t\t\t>\n\t\t\t<label class=\"wpforms-field-label\" for=\"wpforms-1046-field_4\" >message Nom Commentaire<\/label>\n\t\t\t<input type=\"text\" id=\"wpforms-1046-field_4\" class=\"wpforms-field-medium\" name=\"wpforms[fields][4]\" >\n\t\t<\/div>\n\t\t<div id=\"wpforms-1046-field_3-container\" class=\"wpforms-field wpforms-field-textarea\" data-field-id=\"3\"><label class=\"wpforms-field-label\" for=\"wpforms-1046-field_3\">Commentaire ou message<\/label><textarea id=\"wpforms-1046-field_3\" class=\"wpforms-field-medium\" name=\"wpforms[fields][3]\" aria-errormessage=\"wpforms-1046-field_3-error\" ><\/textarea><\/div><script>\n\t\t\t\t( function() {\n\t\t\t\t\tconst style = document.createElement( 'style' );\n\t\t\t\t\tstyle.appendChild( document.createTextNode( '#wpforms-1046-field_4-container { position: absolute !important; overflow: hidden !important; display: inline !important; height: 1px !important; width: 1px !important; z-index: -1000 !important; padding: 0 !important; } #wpforms-1046-field_4-container input { visibility: hidden; } #wpforms-conversational-form-page #wpforms-1046-field_4-container label { counter-increment: none; }' ) );\n\t\t\t\t\tdocument.head.appendChild( style );\n\t\t\t\t\tdocument.currentScript?.remove();\n\t\t\t\t} )();\n\t\t\t<\/script><\/div><!-- .wpforms-field-container --><div class=\"wpforms-submit-container\" ><input type=\"hidden\" name=\"wpforms[id]\" value=\"1046\"><input type=\"hidden\" name=\"page_title\" value=\"\"><input type=\"hidden\" name=\"page_url\" value=\"https:\/\/assistancetravauxprives.fr\/index.php\/wp-json\/wp\/v2\/pages\/1050\"><input type=\"hidden\" name=\"url_referer\" value=\"\"><button type=\"submit\" name=\"wpforms[submit]\" id=\"wpforms-submit-1046\" class=\"wpforms-submit\" data-alt-text=\"Envoi...\" data-submit-text=\"Envoyer\" aria-live=\"assertive\" value=\"wpforms-submit\">Envoyer<\/button><img loading=\"lazy\" decoding=\"async\" src=\"https:\/\/assistancetravauxprives.fr\/wp-content\/plugins\/wpforms-lite\/assets\/images\/submit-spin.svg\" class=\"wpforms-submit-spinner\" style=\"display: none;\" width=\"26\" height=\"26\" alt=\"Chargement en cours\"><\/div><\/form><\/div>  <!-- .wpforms-container -->\n\n\n<p class=\"wp-block-paragraph\"><\/p>\n","protected":false},"excerpt":{"rendered":"","protected":false},"author":1,"featured_media":0,"parent":0,"menu_order":0,"comment_status":"closed","ping_status":"closed","template":"","meta":{"_crdt_document":"","_uag_custom_page_level_css":"","footnotes":""},"class_list":["post-1050","page","type-page","status-publish","hentry"],"yoast_head":"<!-- This site is optimized with the Yoast SEO plugin v26.9 - https:\/\/yoast.com\/product\/yoast-seo-wordpress\/ -->\n<title>contact info - Ma\u00eetre d&#039;\u0153uvre C\u00f4te d&#039;Azur<\/title>\n<meta name=\"robots\" content=\"index, follow, max-snippet:-1, max-image-preview:large, max-video-preview:-1\" \/>\n<link rel=\"canonical\" href=\"https:\/\/assistancetravauxprives.fr\/index.php\/contact-info\/\" \/>\n<meta property=\"og:locale\" content=\"fr_FR\" \/>\n<meta property=\"og:type\" content=\"article\" \/>\n<meta property=\"og:title\" content=\"contact info - Ma\u00eetre d&#039;\u0153uvre C\u00f4te d&#039;Azur\" \/>\n<meta property=\"og:url\" content=\"https:\/\/assistancetravauxprives.fr\/index.php\/contact-info\/\" \/>\n<meta property=\"og:site_name\" content=\"Ma\u00eetre d&#039;\u0153uvre C\u00f4te d&#039;Azur\" \/>\n<meta property=\"article:modified_time\" content=\"2025-06-17T07:09:47+00:00\" \/>\n<meta name=\"twitter:card\" content=\"summary_large_image\" \/>\n<script type=\"application\/ld+json\" class=\"yoast-schema-graph\">{\"@context\":\"https:\/\/schema.org\",\"@graph\":[{\"@type\":\"WebPage\",\"@id\":\"https:\/\/assistancetravauxprives.fr\/index.php\/contact-info\/\",\"url\":\"https:\/\/assistancetravauxprives.fr\/index.php\/contact-info\/\",\"name\":\"contact info - Ma\u00eetre d&#039;\u0153uvre C\u00f4te d&#039;Azur\",\"isPartOf\":{\"@id\":\"https:\/\/assistancetravauxprives.fr\/#website\"},\"datePublished\":\"2025-06-17T07:06:55+00:00\",\"dateModified\":\"2025-06-17T07:09:47+00:00\",\"breadcrumb\":{\"@id\":\"https:\/\/assistancetravauxprives.fr\/index.php\/contact-info\/#breadcrumb\"},\"inLanguage\":\"fr-FR\",\"potentialAction\":[{\"@type\":\"ReadAction\",\"target\":[\"https:\/\/assistancetravauxprives.fr\/index.php\/contact-info\/\"]}]},{\"@type\":\"BreadcrumbList\",\"@id\":\"https:\/\/assistancetravauxprives.fr\/index.php\/contact-info\/#breadcrumb\",\"itemListElement\":[{\"@type\":\"ListItem\",\"position\":1,\"name\":\"Accueil\",\"item\":\"https:\/\/assistancetravauxprives.fr\/\"},{\"@type\":\"ListItem\",\"position\":2,\"name\":\"contact info\"}]},{\"@type\":\"WebSite\",\"@id\":\"https:\/\/assistancetravauxprives.fr\/#website\",\"url\":\"https:\/\/assistancetravauxprives.fr\/\",\"name\":\"Ma\u00eetre d&#039;\u0153uvre C\u00f4te d&#039;Azur\",\"description\":\"Un seul Interlocuteur pour vos travaux\",\"publisher\":{\"@id\":\"https:\/\/assistancetravauxprives.fr\/#organization\"},\"potentialAction\":[{\"@type\":\"SearchAction\",\"target\":{\"@type\":\"EntryPoint\",\"urlTemplate\":\"https:\/\/assistancetravauxprives.fr\/?s={search_term_string}\"},\"query-input\":{\"@type\":\"PropertyValueSpecification\",\"valueRequired\":true,\"valueName\":\"search_term_string\"}}],\"inLanguage\":\"fr-FR\"},{\"@type\":\"Organization\",\"@id\":\"https:\/\/assistancetravauxprives.fr\/#organization\",\"name\":\"Ma\u00eetre d&#039;\u0153uvre C\u00f4te d&#039;Azur\",\"url\":\"https:\/\/assistancetravauxprives.fr\/\",\"logo\":{\"@type\":\"ImageObject\",\"inLanguage\":\"fr-FR\",\"@id\":\"https:\/\/assistancetravauxprives.fr\/#\/schema\/logo\/image\/\",\"url\":\"https:\/\/assistancetravauxprives.fr\/wp-content\/uploads\/2025\/05\/cropped-logo-compas-equerre-e1747833869391.png?wsr\",\"contentUrl\":\"https:\/\/assistancetravauxprives.fr\/wp-content\/uploads\/2025\/05\/cropped-logo-compas-equerre-e1747833869391.png?wsr\",\"width\":512,\"height\":512,\"caption\":\"Ma\u00eetre d&#039;\u0153uvre C\u00f4te d&#039;Azur\"},\"image\":{\"@id\":\"https:\/\/assistancetravauxprives.fr\/#\/schema\/logo\/image\/\"}}]}<\/script>\n<!-- \/ Yoast SEO plugin. -->","yoast_head_json":{"title":"contact info - Ma\u00eetre d&#039;\u0153uvre C\u00f4te d&#039;Azur","robots":{"index":"index","follow":"follow","max-snippet":"max-snippet:-1","max-image-preview":"max-image-preview:large","max-video-preview":"max-video-preview:-1"},"canonical":"https:\/\/assistancetravauxprives.fr\/index.php\/contact-info\/","og_locale":"fr_FR","og_type":"article","og_title":"contact info - Ma\u00eetre d&#039;\u0153uvre C\u00f4te d&#039;Azur","og_url":"https:\/\/assistancetravauxprives.fr\/index.php\/contact-info\/","og_site_name":"Ma\u00eetre d&#039;\u0153uvre C\u00f4te d&#039;Azur","article_modified_time":"2025-06-17T07:09:47+00:00","twitter_card":"summary_large_image","schema":{"@context":"https:\/\/schema.org","@graph":[{"@type":"WebPage","@id":"https:\/\/assistancetravauxprives.fr\/index.php\/contact-info\/","url":"https:\/\/assistancetravauxprives.fr\/index.php\/contact-info\/","name":"contact info - Ma\u00eetre d&#039;\u0153uvre C\u00f4te d&#039;Azur","isPartOf":{"@id":"https:\/\/assistancetravauxprives.fr\/#website"},"datePublished":"2025-06-17T07:06:55+00:00","dateModified":"2025-06-17T07:09:47+00:00","breadcrumb":{"@id":"https:\/\/assistancetravauxprives.fr\/index.php\/contact-info\/#breadcrumb"},"inLanguage":"fr-FR","potentialAction":[{"@type":"ReadAction","target":["https:\/\/assistancetravauxprives.fr\/index.php\/contact-info\/"]}]},{"@type":"BreadcrumbList","@id":"https:\/\/assistancetravauxprives.fr\/index.php\/contact-info\/#breadcrumb","itemListElement":[{"@type":"ListItem","position":1,"name":"Accueil","item":"https:\/\/assistancetravauxprives.fr\/"},{"@type":"ListItem","position":2,"name":"contact info"}]},{"@type":"WebSite","@id":"https:\/\/assistancetravauxprives.fr\/#website","url":"https:\/\/assistancetravauxprives.fr\/","name":"Ma\u00eetre d&#039;\u0153uvre C\u00f4te d&#039;Azur","description":"Un seul Interlocuteur pour vos travaux","publisher":{"@id":"https:\/\/assistancetravauxprives.fr\/#organization"},"potentialAction":[{"@type":"SearchAction","target":{"@type":"EntryPoint","urlTemplate":"https:\/\/assistancetravauxprives.fr\/?s={search_term_string}"},"query-input":{"@type":"PropertyValueSpecification","valueRequired":true,"valueName":"search_term_string"}}],"inLanguage":"fr-FR"},{"@type":"Organization","@id":"https:\/\/assistancetravauxprives.fr\/#organization","name":"Ma\u00eetre d&#039;\u0153uvre C\u00f4te d&#039;Azur","url":"https:\/\/assistancetravauxprives.fr\/","logo":{"@type":"ImageObject","inLanguage":"fr-FR","@id":"https:\/\/assistancetravauxprives.fr\/#\/schema\/logo\/image\/","url":"https:\/\/assistancetravauxprives.fr\/wp-content\/uploads\/2025\/05\/cropped-logo-compas-equerre-e1747833869391.png?wsr","contentUrl":"https:\/\/assistancetravauxprives.fr\/wp-content\/uploads\/2025\/05\/cropped-logo-compas-equerre-e1747833869391.png?wsr","width":512,"height":512,"caption":"Ma\u00eetre d&#039;\u0153uvre C\u00f4te d&#039;Azur"},"image":{"@id":"https:\/\/assistancetravauxprives.fr\/#\/schema\/logo\/image\/"}}]}},"uagb_featured_image_src":{"full":false,"thumbnail":false,"medium":false,"medium_large":false,"large":false,"1536x1536":false,"2048x2048":false},"uagb_author_info":{"display_name":false,"author_link":"https:\/\/assistancetravauxprives.fr\/index.php\/author\/bertolino\/"},"uagb_comment_info":0,"uagb_excerpt":null,"_links":{"self":[{"href":"https:\/\/assistancetravauxprives.fr\/index.php\/wp-json\/wp\/v2\/pages\/1050","targetHints":{"allow":["GET"]}}],"collection":[{"href":"https:\/\/assistancetravauxprives.fr\/index.php\/wp-json\/wp\/v2\/pages"}],"about":[{"href":"https:\/\/assistancetravauxprives.fr\/index.php\/wp-json\/wp\/v2\/types\/page"}],"author":[{"embeddable":true,"href":"https:\/\/assistancetravauxprives.fr\/index.php\/wp-json\/wp\/v2\/users\/1"}],"replies":[{"embeddable":true,"href":"https:\/\/assistancetravauxprives.fr\/index.php\/wp-json\/wp\/v2\/comments?post=1050"}],"version-history":[{"count":4,"href":"https:\/\/assistancetravauxprives.fr\/index.php\/wp-json\/wp\/v2\/pages\/1050\/revisions"}],"predecessor-version":[{"id":1054,"href":"https:\/\/assistancetravauxprives.fr\/index.php\/wp-json\/wp\/v2\/pages\/1050\/revisions\/1054"}],"wp:attachment":[{"href":"https:\/\/assistancetravauxprives.fr\/index.php\/wp-json\/wp\/v2\/media?parent=1050"}],"curies":[{"name":"wp","href":"https:\/\/api.w.org\/{rel}","templated":true}]}}